{"id":1956,"date":"2017-07-28T12:11:24","date_gmt":"2017-07-28T12:11:24","guid":{"rendered":"http:\/\/duduleds.synology.me\/wordpress\/?page_id=1956"},"modified":"2021-01-20T23:34:30","modified_gmt":"2021-01-20T22:34:30","slug":"chili","status":"publish","type":"page","link":"http:\/\/duduleds.synology.me\/wordpress\/pays\/chili\/","title":{"rendered":"Chili"},"content":{"rendered":"    <div id=\"post-grid-lazy-4224\" class=\"post-grid-lazy\"><img src=\"\"\/><\/div>\r\n    <script>\r\n        jQuery('#post-grid-lazy-4224').ready(function($){\r\n            jQuery('#post-grid-lazy-4224').fadeOut();\r\n            jQuery('#post-grid-4224').fadeIn();\r\n        })\r\n    <\/script>\r\n    <style type=\"text\/css\">\r\n        #post-grid-4224{display: none;}\r\n        .post-grid-lazy{\r\n            text-align: center;\r\n        }\r\n    <\/style>\r\n        <div data-options='{\"id\":\"4224\",\"lazy_load\":\"yes\",\"masonry_enable\":\"no\",\"view_type\":\"grid\"}' id=\"post-grid-4224\" class=\"post-grid grid\">\r\n                <div class=\"grid-items\">\r\n            \r\n    <div class=\"item item-3670 skin flat even 0 \">\r\n                <div class=\"layer-wrapper layout-\">\r\n                <div class=\"layer-media\"><a href=\"http:\/\/duduleds.synology.me\/wordpress\/2018\/04\/16\/desert-datacama\/\"><img alt=\"\" src=\"http:\/\/duduleds.synology.me\/wordpress\/wp-content\/uploads\/2017\/08\/20180407125539_IMG_1470-1-1024x683.jpg\" \/><\/a><\/div>\r\n        <div class=\"layer-content\">\r\n            <div class=\"element element_0  title_link \">\r\n                    <a target=\"\" href=\"http:\/\/duduleds.synology.me\/wordpress\/2018\/04\/16\/desert-datacama\/\">D\u00e9sert d&rsquo;Atacama<\/a>\r\n\t\t    <\/div>\r\n        <div class=\"element element_1  excerpt \">\r\n        Un d\u00e9sert, aussi aride soit-il, peut \u00eatre un lieu enchanteur si l'on regarde o\u00f9 il faut et que l'on est            <\/div>\r\n                <a class=\"element element_2  read_more \" target=\"\" href=\"http:\/\/duduleds.synology.me\/wordpress\/2018\/04\/16\/desert-datacama\/\"><\/a>\r\n\t\r\n        <\/div>\r\n            <\/div>\r\n    <\/div>\r\n    \r\n    <div class=\"item item-3615 skin flat odd 1 \">\r\n                <div class=\"layer-wrapper layout-\">\r\n                <div class=\"layer-media\"><a href=\"http:\/\/duduleds.synology.me\/wordpress\/2018\/04\/06\/salta-san-pedro-de-atacama\/\"><img alt=\"\" src=\"http:\/\/duduleds.synology.me\/wordpress\/wp-content\/uploads\/2017\/08\/20180405191158_IMG_1364-1024x683.jpg\" \/><\/a><\/div>\r\n        <div class=\"layer-content\">\r\n            <div class=\"element element_0  title_link \">\r\n                    <a target=\"\" href=\"http:\/\/duduleds.synology.me\/wordpress\/2018\/04\/06\/salta-san-pedro-de-atacama\/\">Salta \/ San Pedro de Atacama<\/a>\r\n\t\t    <\/div>\r\n        <div class=\"element element_1  excerpt \">\r\n        Quelques jours \u00e0 Salta et sa r\u00e9gion, entre montagnes multicolores, salars et vignes (Argentine). Et un peu de San Pedro            <\/div>\r\n                <a class=\"element element_2  read_more \" target=\"\" href=\"http:\/\/duduleds.synology.me\/wordpress\/2018\/04\/06\/salta-san-pedro-de-atacama\/\"><\/a>\r\n\t\r\n        <\/div>\r\n            <\/div>\r\n    <\/div>\r\n    \r\n    <div class=\"item item-3528 skin flat even 2 \">\r\n                <div class=\"layer-wrapper layout-\">\r\n                <div class=\"layer-media\"><a href=\"http:\/\/duduleds.synology.me\/wordpress\/2018\/03\/26\/santiago-valparaiso\/\"><img alt=\"\" src=\"http:\/\/duduleds.synology.me\/wordpress\/wp-content\/uploads\/2017\/08\/20180326143426_IMG_0643-1024x683.jpg\" \/><\/a><\/div>\r\n        <div class=\"layer-content\">\r\n            <div class=\"element element_0  title_link \">\r\n                    <a target=\"\" href=\"http:\/\/duduleds.synology.me\/wordpress\/2018\/03\/26\/santiago-valparaiso\/\">Santiago \/ Valparaiso<\/a>\r\n\t\t    <\/div>\r\n        <div class=\"element element_1  excerpt \">\r\n        Deux \"city trips\" dans les deux plus grosses villes du Chili : Santiago et Valparaiso. Attention : article \u00e0 forte            <\/div>\r\n                <a class=\"element element_2  read_more \" target=\"\" href=\"http:\/\/duduleds.synology.me\/wordpress\/2018\/03\/26\/santiago-valparaiso\/\"><\/a>\r\n\t\r\n        <\/div>\r\n            <\/div>\r\n    <\/div>\r\n    \r\n    <div class=\"item item-3500 skin flat odd 3 \">\r\n                <div class=\"layer-wrapper layout-\">\r\n                <div class=\"layer-media\"><a href=\"http:\/\/duduleds.synology.me\/wordpress\/2018\/03\/21\/pucon\/\"><img alt=\"\" src=\"http:\/\/duduleds.synology.me\/wordpress\/wp-content\/uploads\/2017\/08\/20180319183528_IMG_0296-1024x683.jpg\" \/><\/a><\/div>\r\n        <div class=\"layer-content\">\r\n            <div class=\"element element_0  title_link \">\r\n                    <a target=\"\" href=\"http:\/\/duduleds.synology.me\/wordpress\/2018\/03\/21\/pucon\/\">Pucon<\/a>\r\n\t\t    <\/div>\r\n        <div class=\"element element_1  excerpt \">\r\n        Je quitte la Patagonie et traverse la cordill\u00e8re des Andes pour passer un temps du c\u00f4t\u00e9 Chilien. Point de chute            <\/div>\r\n                <a class=\"element element_2  read_more \" target=\"\" href=\"http:\/\/duduleds.synology.me\/wordpress\/2018\/03\/21\/pucon\/\"><\/a>\r\n\t\r\n        <\/div>\r\n            <\/div>\r\n    <\/div>\r\n    \r\n    <div class=\"item item-3414 skin flat even 4 \">\r\n                <div class=\"layer-wrapper layout-\">\r\n                <div class=\"layer-media\"><a href=\"http:\/\/duduleds.synology.me\/wordpress\/2018\/03\/06\/punta-arenas-puerto-natales-torres-del-paine\/\"><img alt=\"\" src=\"http:\/\/duduleds.synology.me\/wordpress\/wp-content\/uploads\/2017\/08\/20180304123901_IMG_9430-1024x683.jpg\" \/><\/a><\/div>\r\n        <div class=\"layer-content\">\r\n            <div class=\"element element_0  title_link \">\r\n                    <a target=\"\" href=\"http:\/\/duduleds.synology.me\/wordpress\/2018\/03\/06\/punta-arenas-puerto-natales-torres-del-paine\/\">Punta Arenas \/ Puerto Natales \/ Torres Del Paine<\/a>\r\n\t\t    <\/div>\r\n        <div class=\"element element_1  excerpt \">\r\n        Au menu : des manchots, des cailloux et de la glace. Tout \u00e7a au Chili. 24\/02\/2018 Journ\u00e9e de bus entre            <\/div>\r\n                <a class=\"element element_2  read_more \" target=\"\" href=\"http:\/\/duduleds.synology.me\/wordpress\/2018\/03\/06\/punta-arenas-puerto-natales-torres-del-paine\/\"><\/a>\r\n\t\r\n        <\/div>\r\n            <\/div>\r\n    <\/div>\r\n            <\/div>\r\n            <div class=\"pagination\">\r\n            <div class=\"paginate\">\r\n            <\/div>\r\n    <style type=\"text\/css\">\r\n        #post-grid-4224 .pagination .page-numbers{\r\n            font-size:16px;\r\n            color:#fff;\r\n            background:#646464;\r\n        }\r\n        #post-grid-4224 .pagination .page-numbers:hover,\r\n        #post-grid-4224 .pagination .page-numbers.current{\r\n            background:#4b4b4b;\r\n        }\r\n    <\/style>\r\n        <\/div>\r\n        <style type=\"text\/css\">\r\n                        #post-grid-4224 .element_0{display: block;font-size: 21px;line-height: normal;padding: 5px 10px;text-align: left; text-decoration: none;}\r\n                                #post-grid-4224 .element_1{display: block;font-size: 14px;padding: 5px 10px;text-align: left;}\r\n                                #post-grid-4224 .element_2{display: block;font-size: 12px;font-weight: bold;padding: 0 10px;text-align: left;text-decoration: none;}\r\n                #post-grid-4224 .element_0:hover{}#post-grid-4224 .element_1:hover{}#post-grid-4224 .element_2:hover{}    <\/style>\r\n    \r\n            \r\n        <script>\r\n            <\/script>\r\n        <style type=\"text\/css\">\r\n        #post-grid-4224 {\r\n                    padding:10px;\r\n                                        }\r\n        #post-grid-4224 .grid-items{\r\n                    text-align: center;\r\n                }\r\n        #post-grid-4224 .item{\r\n                    margin:10px;\r\n                            padding:0px;\r\n                            background:#fff;\r\n                }\r\n        #post-grid-4224  .item .layer-media{\r\n            height:auto;        }\r\n        @media only screen and ( min-width: 0px ) and ( max-width: 767px ) {\r\n            #post-grid-4224 .item{\r\n                            width:90%;\r\n                        height:auto;            }\r\n        }\r\n        @media only screen and ( min-width: 768px ) and ( max-width: 1023px ) {\r\n            #post-grid-4224 .item{\r\n                            width:280px;\r\n                        max-height:auto;            }\r\n        }\r\n        @media only screen and (min-width: 1024px ){\r\n            #post-grid-4224 .item{\r\n                            width:280px;\r\n                        height:auto;            }\r\n        }\r\n\r\n        \r\n\r\n    <\/style>\r\n        <\/div>\r\n    \n","protected":false},"excerpt":{"rendered":"","protected":false},"author":1,"featured_media":0,"parent":748,"menu_order":0,"comment_status":"closed","ping_status":"closed","template":"","meta":[],"_links":{"self":[{"href":"http:\/\/duduleds.synology.me\/wordpress\/wp-json\/wp\/v2\/pages\/1956"}],"collection":[{"href":"http:\/\/duduleds.synology.me\/wordpress\/wp-json\/wp\/v2\/pages"}],"about":[{"href":"http:\/\/duduleds.synology.me\/wordpress\/wp-json\/wp\/v2\/types\/page"}],"author":[{"embeddable":true,"href":"http:\/\/duduleds.synology.me\/wordpress\/wp-json\/wp\/v2\/users\/1"}],"replies":[{"embeddable":true,"href":"http:\/\/duduleds.synology.me\/wordpress\/wp-json\/wp\/v2\/comments?post=1956"}],"version-history":[{"count":1,"href":"http:\/\/duduleds.synology.me\/wordpress\/wp-json\/wp\/v2\/pages\/1956\/revisions"}],"predecessor-version":[{"id":4230,"href":"http:\/\/duduleds.synology.me\/wordpress\/wp-json\/wp\/v2\/pages\/1956\/revisions\/4230"}],"up":[{"embeddable":true,"href":"http:\/\/duduleds.synology.me\/wordpress\/wp-json\/wp\/v2\/pages\/748"}],"wp:attachment":[{"href":"http:\/\/duduleds.synology.me\/wordpress\/wp-json\/wp\/v2\/media?parent=1956"}],"curies":[{"name":"wp","href":"https:\/\/api.w.org\/{rel}","templated":true}]}}