{"id":1923,"date":"2017-07-28T11:52:37","date_gmt":"2017-07-28T11:52:37","guid":{"rendered":"http:\/\/duduleds.synology.me\/wordpress\/?page_id=1923"},"modified":"2021-01-20T23:34:42","modified_gmt":"2021-01-20T22:34:42","slug":"chine","status":"publish","type":"page","link":"http:\/\/duduleds.synology.me\/wordpress\/pays\/chine\/","title":{"rendered":"Chine"},"content":{"rendered":"    <div id=\"post-grid-lazy-4219\" class=\"post-grid-lazy\"><img src=\"\"\/><\/div>\r\n    <script>\r\n        jQuery('#post-grid-lazy-4219').ready(function($){\r\n            jQuery('#post-grid-lazy-4219').fadeOut();\r\n            jQuery('#post-grid-4219').fadeIn();\r\n        })\r\n    <\/script>\r\n    <style type=\"text\/css\">\r\n        #post-grid-4219{display: none;}\r\n        .post-grid-lazy{\r\n            text-align: center;\r\n        }\r\n    <\/style>\r\n        <div data-options='{\"id\":\"4219\",\"lazy_load\":\"yes\",\"masonry_enable\":\"no\",\"view_type\":\"grid\"}' id=\"post-grid-4219\" class=\"post-grid grid\">\r\n                <div class=\"grid-items\">\r\n            \r\n    <div class=\"item item-4093 skin flat even 0 \">\r\n                <div class=\"layer-wrapper layout-\">\r\n                <div class=\"layer-media\"><a href=\"http:\/\/duduleds.synology.me\/wordpress\/2018\/07\/08\/islande\/\"><img alt=\"\" src=\"http:\/\/duduleds.synology.me\/wordpress\/wp-content\/uploads\/2017\/08\/2018-06-26_16-33-44-1024x683.jpg\" \/><\/a><\/div>\r\n        <div class=\"layer-content\">\r\n            <div class=\"element element_0  title_link \">\r\n                    <a target=\"\" href=\"http:\/\/duduleds.synology.me\/wordpress\/2018\/07\/08\/islande\/\">Islande<\/a>\r\n\t\t    <\/div>\r\n        <div class=\"element element_1  excerpt \">\r\n        Ultime \u00e9tape avant le retour : l'Islande. Deux semaines en compagnie de Bobby et Mel pour faire le tour de            <\/div>\r\n                <a class=\"element element_2  read_more \" target=\"\" href=\"http:\/\/duduleds.synology.me\/wordpress\/2018\/07\/08\/islande\/\"><\/a>\r\n\t\r\n        <\/div>\r\n            <\/div>\r\n    <\/div>\r\n    \r\n    <div class=\"item item-4054 skin flat odd 1 \">\r\n                <div class=\"layer-wrapper layout-\">\r\n                <div class=\"layer-media\"><a href=\"http:\/\/duduleds.synology.me\/wordpress\/2018\/06\/22\/lima\/\"><img alt=\"\" src=\"http:\/\/duduleds.synology.me\/wordpress\/wp-content\/uploads\/2017\/08\/20180618110700_IMG_4572-1024x683.jpg\" \/><\/a><\/div>\r\n        <div class=\"layer-content\">\r\n            <div class=\"element element_0  title_link \">\r\n                    <a target=\"\" href=\"http:\/\/duduleds.synology.me\/wordpress\/2018\/06\/22\/lima\/\">Lima<\/a>\r\n\t\t    <\/div>\r\n        <div class=\"element element_1  excerpt \">\r\n        Un oc\u00e9an Pacifique aux eaux turquoise, des sites gigantesques dans des cadres fabuleux, de l'aventure, des situations extr\u00eames, ... :            <\/div>\r\n                <a class=\"element element_2  read_more \" target=\"\" href=\"http:\/\/duduleds.synology.me\/wordpress\/2018\/06\/22\/lima\/\"><\/a>\r\n\t\r\n        <\/div>\r\n            <\/div>\r\n    <\/div>\r\n    \r\n    <div class=\"item item-4020 skin flat even 2 \">\r\n                <div class=\"layer-wrapper layout-\">\r\n                <div class=\"layer-media\"><a href=\"http:\/\/duduleds.synology.me\/wordpress\/2018\/06\/12\/huaraz-cordillera-blanca\/\"><img alt=\"\" src=\"http:\/\/duduleds.synology.me\/wordpress\/wp-content\/uploads\/2017\/08\/20180611131114_IMG_4460-1024x683.jpg\" \/><\/a><\/div>\r\n        <div class=\"layer-content\">\r\n            <div class=\"element element_0  title_link \">\r\n                    <a target=\"\" href=\"http:\/\/duduleds.synology.me\/wordpress\/2018\/06\/12\/huaraz-cordillera-blanca\/\">Huaraz \/ Cordillera Blanca<\/a>\r\n\t\t    <\/div>\r\n        <div class=\"element element_1  excerpt \">\r\n        Quatre jours dans la r\u00e9gion Huaraz \u00e0 alterner entre des paysages enneig\u00e9s de la Cordillera Blanca et des ruines (presque            <\/div>\r\n                <a class=\"element element_2  read_more \" target=\"\" href=\"http:\/\/duduleds.synology.me\/wordpress\/2018\/06\/12\/huaraz-cordillera-blanca\/\"><\/a>\r\n\t\r\n        <\/div>\r\n            <\/div>\r\n    <\/div>\r\n    \r\n    <div class=\"item item-3982 skin flat odd 3 \">\r\n                <div class=\"layer-wrapper layout-\">\r\n                <div class=\"layer-media\"><a href=\"http:\/\/duduleds.synology.me\/wordpress\/2018\/06\/07\/nazca-trujillo\/\"><img alt=\"\" src=\"http:\/\/duduleds.synology.me\/wordpress\/wp-content\/uploads\/2017\/08\/20180605165043_IMG_4286-1024x683.jpg\" \/><\/a><\/div>\r\n        <div class=\"layer-content\">\r\n            <div class=\"element element_0  title_link \">\r\n                    <a target=\"\" href=\"http:\/\/duduleds.synology.me\/wordpress\/2018\/06\/07\/nazca-trujillo\/\">Nazca \/ Trujillo<\/a>\r\n\t\t    <\/div>\r\n        <div class=\"element element_1  excerpt \">\r\n        Je remonte le temps et laisse un peu les Incas de c\u00f4t\u00e9 ; cette fois c'est parti pour une session            <\/div>\r\n                <a class=\"element element_2  read_more \" target=\"\" href=\"http:\/\/duduleds.synology.me\/wordpress\/2018\/06\/07\/nazca-trujillo\/\"><\/a>\r\n\t\r\n        <\/div>\r\n            <\/div>\r\n    <\/div>\r\n    \r\n    <div class=\"item item-3958 skin flat even 4 \">\r\n                <div class=\"layer-wrapper layout-\">\r\n                <div class=\"layer-media\"><a href=\"http:\/\/duduleds.synology.me\/wordpress\/2018\/05\/31\/arequipa-canyon-de-colca\/\"><img alt=\"\" src=\"http:\/\/duduleds.synology.me\/wordpress\/wp-content\/uploads\/2017\/08\/20180530082319_IMG_3971-1024x683.jpg\" \/><\/a><\/div>\r\n        <div class=\"layer-content\">\r\n            <div class=\"element element_0  title_link \">\r\n                    <a target=\"\" href=\"http:\/\/duduleds.synology.me\/wordpress\/2018\/05\/31\/arequipa-canyon-de-colca\/\">Arequipa \/ Canyon de Colca<\/a>\r\n\t\t    <\/div>\r\n        <div class=\"element element_1  excerpt \">\r\n        Apr\u00e8s 10h de bus de nuit - dont 2h se sommeil, merci les routes cahoteuses - j'arrive au petit matin            <\/div>\r\n                <a class=\"element element_2  read_more \" target=\"\" href=\"http:\/\/duduleds.synology.me\/wordpress\/2018\/05\/31\/arequipa-canyon-de-colca\/\"><\/a>\r\n\t\r\n        <\/div>\r\n            <\/div>\r\n    <\/div>\r\n    \r\n    <div class=\"item item-3912 skin flat odd 5 \">\r\n                <div class=\"layer-wrapper layout-\">\r\n                <div class=\"layer-media\"><a href=\"http:\/\/duduleds.synology.me\/wordpress\/2018\/05\/25\/trek-choquequirao-machu-picchu\/\"><img alt=\"\" src=\"http:\/\/duduleds.synology.me\/wordpress\/wp-content\/uploads\/2017\/08\/20180524102112_IMG_3701-1024x683.jpg\" \/><\/a><\/div>\r\n        <div class=\"layer-content\">\r\n            <div class=\"element element_0  title_link \">\r\n                    <a target=\"\" href=\"http:\/\/duduleds.synology.me\/wordpress\/2018\/05\/25\/trek-choquequirao-machu-picchu\/\">Trek Choquequirao &#8211; Machu Picchu<\/a>\r\n\t\t    <\/div>\r\n        <div class=\"element element_1  excerpt \">\r\n        Visiter une cit\u00e9 inca jamais d\u00e9couverte par les Espagnols c'est bien, mais deux c'est mieux, qui plus est en empruntant            <\/div>\r\n                <a class=\"element element_2  read_more \" target=\"\" href=\"http:\/\/duduleds.synology.me\/wordpress\/2018\/05\/25\/trek-choquequirao-machu-picchu\/\"><\/a>\r\n\t\r\n        <\/div>\r\n            <\/div>\r\n    <\/div>\r\n    \r\n    <div class=\"item item-3869 skin flat even 6 \">\r\n                <div class=\"layer-wrapper layout-\">\r\n                <div class=\"layer-media\"><a href=\"http:\/\/duduleds.synology.me\/wordpress\/2018\/05\/15\/cuzco\/\"><img alt=\"\" src=\"http:\/\/duduleds.synology.me\/wordpress\/wp-content\/uploads\/2017\/08\/20180512141301_IMG_3258-1024x683.jpg\" \/><\/a><\/div>\r\n        <div class=\"layer-content\">\r\n            <div class=\"element element_0  title_link \">\r\n                    <a target=\"\" href=\"http:\/\/duduleds.synology.me\/wordpress\/2018\/05\/15\/cuzco\/\">Cuzco<\/a>\r\n\t\t    <\/div>\r\n        <div class=\"element element_1  excerpt \">\r\n        XIIIeme si\u00e8cle, une petite peuplade de la r\u00e9gion de Cuzco - les Incas - met une rouste \u00e0 un de            <\/div>\r\n                <a class=\"element element_2  read_more \" target=\"\" href=\"http:\/\/duduleds.synology.me\/wordpress\/2018\/05\/15\/cuzco\/\"><\/a>\r\n\t\r\n        <\/div>\r\n            <\/div>\r\n    <\/div>\r\n    \r\n    <div class=\"item item-3840 skin flat odd 7 \">\r\n                <div class=\"layer-wrapper layout-\">\r\n                <div class=\"layer-media\"><a href=\"http:\/\/duduleds.synology.me\/wordpress\/2018\/05\/10\/lac-titicaca-copacabana-puno\/\"><img alt=\"\" src=\"http:\/\/duduleds.synology.me\/wordpress\/wp-content\/uploads\/2017\/08\/20180503160222_IMG_2821-1024x683.jpg\" \/><\/a><\/div>\r\n        <div class=\"layer-content\">\r\n            <div class=\"element element_0  title_link \">\r\n                    <a target=\"\" href=\"http:\/\/duduleds.synology.me\/wordpress\/2018\/05\/10\/lac-titicaca-copacabana-puno\/\">Lac Titicaca (Copacabana \/ Puno)<\/a>\r\n\t\t    <\/div>\r\n        <div class=\"element element_1  excerpt \">\r\n        De l'eau douce, des sites incas, des rencontres et une ambiance festive (du c\u00f4t\u00e9 Bolivien). Carton plein pour Titicaca. Avant-propos            <\/div>\r\n                <a class=\"element element_2  read_more \" target=\"\" href=\"http:\/\/duduleds.synology.me\/wordpress\/2018\/05\/10\/lac-titicaca-copacabana-puno\/\"><\/a>\r\n\t\r\n        <\/div>\r\n            <\/div>\r\n    <\/div>\r\n    \r\n    <div class=\"item item-3808 skin flat even 8 \">\r\n                <div class=\"layer-wrapper layout-\">\r\n                <div class=\"layer-media\"><a href=\"http:\/\/duduleds.synology.me\/wordpress\/2018\/05\/03\/la-paz\/\"><img alt=\"\" src=\"http:\/\/duduleds.synology.me\/wordpress\/wp-content\/uploads\/2017\/08\/20180429095636_IMG_2735-1024x683.jpg\" \/><\/a><\/div>\r\n        <div class=\"layer-content\">\r\n            <div class=\"element element_0  title_link \">\r\n                    <a target=\"\" href=\"http:\/\/duduleds.synology.me\/wordpress\/2018\/05\/03\/la-paz\/\">La Paz<\/a>\r\n\t\t    <\/div>\r\n        <div class=\"element element_1  excerpt \">\r\n        Encore un peu d'avion et c'est parti pour une petite semaine \u00e0 la d\u00e9couverte de La Paz (capitale la plus            <\/div>\r\n                <a class=\"element element_2  read_more \" target=\"\" href=\"http:\/\/duduleds.synology.me\/wordpress\/2018\/05\/03\/la-paz\/\"><\/a>\r\n\t\r\n        <\/div>\r\n            <\/div>\r\n    <\/div>\r\n    \r\n    <div class=\"item item-3781 skin flat odd 9 \">\r\n                <div class=\"layer-wrapper layout-\">\r\n                <div class=\"layer-media\"><a href=\"http:\/\/duduleds.synology.me\/wordpress\/2018\/04\/28\/sucre-cochabamba\/\"><img alt=\"\" src=\"http:\/\/duduleds.synology.me\/wordpress\/wp-content\/uploads\/2017\/08\/20180427104045_IMG_2669-1024x683.jpg\" \/><\/a><\/div>\r\n        <div class=\"layer-content\">\r\n            <div class=\"element element_0  title_link \">\r\n                    <a target=\"\" href=\"http:\/\/duduleds.synology.me\/wordpress\/2018\/04\/28\/sucre-cochabamba\/\">Sucre \/ Cochabamba<\/a>\r\n\t\t    <\/div>\r\n        <div class=\"element element_1  excerpt \">\r\n        Apr\u00e8s quelques heures de bus et deux jours de bonne grosse chiasse me voici de nouveau d'attaque pour visiter les            <\/div>\r\n                <a class=\"element element_2  read_more \" target=\"\" href=\"http:\/\/duduleds.synology.me\/wordpress\/2018\/04\/28\/sucre-cochabamba\/\"><\/a>\r\n\t\r\n        <\/div>\r\n            <\/div>\r\n    <\/div>\r\n            <\/div>\r\n            <div class=\"pagination\">\r\n            <div class=\"paginate\">\r\n        <span aria-current=\"page\" class=\"page-numbers current\">1<\/span>\n<a class=\"page-numbers\" href=\"http:\/\/duduleds.synology.me\/wordpress\/wp-json\/wp\/v2\/pages\/1923\/page\/2\/\">2<\/a>\n<a class=\"page-numbers\" href=\"http:\/\/duduleds.synology.me\/wordpress\/wp-json\/wp\/v2\/pages\/1923\/page\/3\/\">3<\/a>\n<span class=\"page-numbers dots\">&hellip;<\/span>\n<a class=\"page-numbers\" href=\"http:\/\/duduleds.synology.me\/wordpress\/wp-json\/wp\/v2\/pages\/1923\/page\/7\/\">7<\/a>\n<a class=\"next page-numbers\" href=\"http:\/\/duduleds.synology.me\/wordpress\/wp-json\/wp\/v2\/pages\/1923\/page\/2\/\">Next \u00bb<\/a>    <\/div>\r\n    <style type=\"text\/css\">\r\n        #post-grid-4219 .pagination .page-numbers{\r\n            font-size:16px;\r\n            color:#fff;\r\n            background:#646464;\r\n        }\r\n        #post-grid-4219 .pagination .page-numbers:hover,\r\n        #post-grid-4219 .pagination .page-numbers.current{\r\n            background:#4b4b4b;\r\n        }\r\n    <\/style>\r\n        <\/div>\r\n        <style type=\"text\/css\">\r\n                        #post-grid-4219 .element_0{display: block;font-size: 21px;line-height: normal;padding: 5px 10px;text-align: left; text-decoration: none;}\r\n                                #post-grid-4219 .element_1{display: block;font-size: 14px;padding: 5px 10px;text-align: left;}\r\n                                #post-grid-4219 .element_2{display: block;font-size: 12px;font-weight: bold;padding: 0 10px;text-align: left;text-decoration: none;}\r\n                #post-grid-4219 .element_0:hover{}#post-grid-4219 .element_1:hover{}#post-grid-4219 .element_2:hover{}    <\/style>\r\n    \r\n            \r\n        <script>\r\n            <\/script>\r\n        <style type=\"text\/css\">\r\n        #post-grid-4219 {\r\n                    padding:10px;\r\n                                        }\r\n        #post-grid-4219 .grid-items{\r\n                    text-align: center;\r\n                }\r\n        #post-grid-4219 .item{\r\n                    margin:10px;\r\n                            padding:0px;\r\n                            background:#fff;\r\n                }\r\n        #post-grid-4219  .item .layer-media{\r\n            height:auto;        }\r\n        @media only screen and ( min-width: 0px ) and ( max-width: 767px ) {\r\n            #post-grid-4219 .item{\r\n                            width:90%;\r\n                        height:auto;            }\r\n        }\r\n        @media only screen and ( min-width: 768px ) and ( max-width: 1023px ) {\r\n            #post-grid-4219 .item{\r\n                            width:280px;\r\n                        max-height:auto;            }\r\n        }\r\n        @media only screen and (min-width: 1024px ){\r\n            #post-grid-4219 .item{\r\n                            width:280px;\r\n                        height:auto;            }\r\n        }\r\n\r\n        \r\n\r\n    <\/style>\r\n        <\/div>\r\n    \n","protected":false},"excerpt":{"rendered":"","protected":false},"author":1,"featured_media":0,"parent":748,"menu_order":0,"comment_status":"closed","ping_status":"closed","template":"","meta":[],"_links":{"self":[{"href":"http:\/\/duduleds.synology.me\/wordpress\/wp-json\/wp\/v2\/pages\/1923"}],"collection":[{"href":"http:\/\/duduleds.synology.me\/wordpress\/wp-json\/wp\/v2\/pages"}],"about":[{"href":"http:\/\/duduleds.synology.me\/wordpress\/wp-json\/wp\/v2\/types\/page"}],"author":[{"embeddable":true,"href":"http:\/\/duduleds.synology.me\/wordpress\/wp-json\/wp\/v2\/users\/1"}],"replies":[{"embeddable":true,"href":"http:\/\/duduleds.synology.me\/wordpress\/wp-json\/wp\/v2\/comments?post=1923"}],"version-history":[{"count":1,"href":"http:\/\/duduleds.synology.me\/wordpress\/wp-json\/wp\/v2\/pages\/1923\/revisions"}],"predecessor-version":[{"id":4231,"href":"http:\/\/duduleds.synology.me\/wordpress\/wp-json\/wp\/v2\/pages\/1923\/revisions\/4231"}],"up":[{"embeddable":true,"href":"http:\/\/duduleds.synology.me\/wordpress\/wp-json\/wp\/v2\/pages\/748"}],"wp:attachment":[{"href":"http:\/\/duduleds.synology.me\/wordpress\/wp-json\/wp\/v2\/media?parent=1923"}],"curies":[{"name":"wp","href":"https:\/\/api.w.org\/{rel}","templated":true}]}}